{"id":14174,"date":"2023-09-28T14:53:36","date_gmt":"2023-09-28T12:53:36","guid":{"rendered":"https:\/\/dev.horvathkaroly.hu\/promedicalcenter\/?page_id=14174"},"modified":"2023-11-15T18:20:43","modified_gmt":"2023-11-15T17:20:43","slug":"politica-de-confidentialitate","status":"publish","type":"page","link":"https:\/\/promedicalcenter.ro\/en\/politica-de-confidentialitate\/","title":{"rendered":"Politica de confiden\u021bialitate"},"content":{"rendered":"<h2>POLITICA DE CONFIDEN\u021aIALITATE A DATELOR CU CARACTER PERSONAL<\/h2>\n<p><strong>I. Informa\u021bii generale<\/strong><\/p>\n<p>Con\u0163inutul acestui website (denumit \u00een continuare\u00a0<em>Site)<\/em>\u00a0este proprietatea exclusiv\u0103 a entit\u0103\u0163ii Promedical Center SRL cu sediul social \u00een Cluj-Napoca, str. Caisului, nr. 16, CUI 16082325.<\/p>\n<p>\u00cen calitate de operator de date, Promedical Center SRL urm\u0103re\u0219te \u00een permanen\u021b\u0103 \u015fi se asigur\u0103 c\u0103 prelucrarea datelor cu caracter personal respect\u0103 cu stricte\u0163e principiile \u015fi legisla\u0163ia privind protec\u021bia datelor cu caracter personal, respectiv Regulamentul (UE) 2016\/679 privind protec\u0163ia persoanelor fizice \u00een ceea ce prive\u015fte prelucrarea datelor cu caracter personal \u015fi libera circula\u0163ie a acestor date \u015fi de abrogare a Directivei 95\/46\/CE (in continuare \u201cRGPD\u201d).<\/p>\n<p>Aceast\u0103 Politic\u0103 privind confiden\u021bialitatea\u00a0este valabil\u0103 incepand cu 25 mai 2018\u00a0\u0219i are rolul de a v\u0103 informa cu privire la:<\/p>\n<ul>\n<li>activit\u0103\u021bile de prelucrare a datelor cu caracter personal ale dumneavoastr\u0103, \u00een calitate de vizitator al site-ului sau de utilizator al functiilor din cadrul site-ului;<\/li>\n<li>prelucr\u0103rile datelor cu caracter personal derulate de Promedical Center SRL, \u00een vederea desf\u0103\u0219ur\u0103rii activit\u0103\u021bilor sale conform celor descrise mai jos.<\/li>\n<\/ul>\n<p>Promedical Center SRL poate actualiza prezenta Politic\u0103 privind confiden\u021bialitatea ulterior, caz \u00een care va informa persoanele vizate prin intermediul site-ului nostru privind orice modific\u0103rile efectuate \u00eenainte ca acestea s\u0103 devin\u0103 aplicabile.<\/p>\n<p><strong>II. Definitii :<\/strong><\/p>\n<p>\u201e<strong>Date cu caracter personal<\/strong>\u201d \u00eenseamn\u0103 orice informa\u021bii privind o persoan\u0103 fizic\u0103 identificat\u0103 sau identificabil\u0103 (\u201epersoana vizat\u0103\u201d); o persoan\u0103 identificabil\u0103 este o persoan\u0103 care poate fi identificat\u0103, direct sau indirect, \u00een special prin referire la un element de identificare, cum ar fi un\u00a0<strong><em>nume, un num\u0103r de identificare, date de localizare, un identificator online, sau la unul sau mai multe elemente specifice, proprii identit\u0103\u021bii sale fizice, fiziologice, genetice, psihice, economice, culturale sau sociale.<\/em><\/strong><\/p>\n<p>\u201e<strong>Medic trimi\u0163\u0103tor<\/strong>\u201c \u00eenseamn\u0103 medicul care a recomandat efectuarea anumitor servicii medicale.<\/p>\n<p>\u201e<strong>Pacient corporate<\/strong>\u201c \u00eenseamn\u0103 pacien\u0163ii \u00eenregistra\u0163i \u00een baza parteneriatelor sau contractelor de prest\u0103ri servicii \u00eencheiate de Promedical Center SRL cu diverse categorii de entit\u0103\u0163i.<\/p>\n<p>\u201e<strong>Pacient direct<\/strong>\u201c \u00eenseamn\u0103 pacien\u0163ii care se prezint\u0103 \u00een Recep\u0163iile Promedical Center SRL, fie direct pl\u0103titori, fie pacien\u0163ii care solicit\u0103 efectuarea unor servicii medicale decontate de c\u0103tre Casa de Asigur\u0103ri de S\u0103n\u0103tate (\u201eCAS\u201d).<\/p>\n<p>\u201e<strong>Prelucrare<\/strong>\u201c \u00eenseamn\u0103 orice opera\u0163iune sau set de opera\u021biuni efectuate asupra Datelor cu Caracter Personal, incluz\u00e2nd f\u0103r\u0103 limitare colectarea, \u00eenregistrarea, p\u0103strarea, modificarea, utilizarea, dezv\u0103luirea, accesul, transferul sau distrugerea acestora.<\/p>\n<p>\u201e<strong>Vizitator\u201d<\/strong>\u00a0\u2013 orice persoan\u0103 care acceseaz\u0103 sau utilizeaz\u0103 site-ul Promedical Center SRL.<\/p>\n<p><strong>III. Categorii de Date cu Caracter Personal prelucrate<\/strong><\/p>\n<p>Categoriile de Date cu Caracter Personal prelucrate depind de contextul interac\u021biunilor \u015fi raporturilor pe care dumneavoastr\u0103 le ave\u0163i cu Promedical Center SRL, respectiv \u00een raport de interac\u0163iunile cu site-ul. Astfel, Promedical Center SRL ar putea prelucra urm\u0103toarele Categorii de Date cu Caracter Personal:<\/p>\n<ol>\n<li>\u00cen cazul\u00a0<strong><em>vizitatorilor site-ului \u2013<\/em><\/strong>\u00a0\u00een func\u0163ie de interac\u0163iunea dumneavoastr\u0103 cu site-ul, ar putea fi prelucrate urm\u0103toarele categorii de Date cu Caracter Personal:<\/li>\n<\/ol>\n<p>(i) \u00een cazul programarilor efectuate de dumneavoastr\u0103 pe site: nume, prenume, adresa de e-mail, v\u00e2rsta, telefon, strad\u0103, sex;<\/p>\n<p>(ii) \u00een cazul Formularelor de sugestii, solicitare informa\u0163ii suplimentare, contact \u015fi\/sau reclama\u0163ii: nume, prenume, adresa de e-mail.<\/p>\n<p>2.\u00a0\u00cen cazul\u00a0<strong><em>Pacien\u0163ilor<\/em><\/strong>:<\/p>\n<p>2.1.\u00a0<strong>direc\u0163i\u00a0<\/strong>\u2013 pentru accesul online al rezultatelor serviciilor medicale: nume, prenume, user \u015fi parola pentru contul web, rezultatele serviciilor medicale, CNP, adresa de e-mail, datele din cererea de servici (\u00een situa\u0163ia cre\u0103rii contului in baza cererii de servicii);<\/p>\n<p>\u00cen orice moment, pacientul care are cont web are acces la datele sale de identificare\/contact.<\/p>\n<p>2.2.\u00a0<strong>corporate\u00a0<\/strong>\u2013 pentru prestarea serviciilor medicale \u015fi pentru accesul online al rezultatelor serviciilor medicale: CNP, rezultatele serviciilor medicale.<\/p>\n<p>3. \u00cen cazul\u00a0<strong><em>Medicilor trimi\u0163\u0103tori<\/em><\/strong><\/p>\n<p>3.1. Urm\u0103toarele Date cu Caracter Personal ale\u00a0<em>Medicului trimi\u0163\u0103tor<\/em>\u00a0sunt prelucrate:<\/p>\n<p>(i) pentru accesul online la rezultatele serviciilor medicale efectuate Pacien\u0163ilor, pentru care medicul respectiv a acordat trimiterea\/trimiterile, atunci c\u00e2nd pacientul a solicitat Promedical Center SRL transmiterea rezultatelor \u00een format electronic c\u0103tre Medicul trimi\u0163\u0103tor:\u00a0<strong><em>cod paraf\u0103<\/em><\/strong><\/p>\n<p>(ii) pentru efectuarea serviciilor medicale, gestionarea sistemelor \u015fi serviciilor de s\u0103n\u0103tate de c\u0103tre Promedical Center SRL, \u00een contextul furnizarii rezultatelor pentru serviciile medicale \u00eenscrise \u00een trimiterea medical\u0103:\u00a0<strong><em>nume, prenume, CNP, cod paraf\u0103, semn\u0103tur\u0103, profesia, specialitatea medical\u0103, loc de munc\u0103, adresa de e-mail, telefon.<\/em><\/strong><\/p>\n<ul>\n<li>\u00cen cazul\u00a0<strong><em>candida\u0163ilor pentru angajare<\/em><\/strong>: nume, prenume, adresa de e-mail, num\u0103r de telefon, post\/func\u0163ie, ora\u015f, CV (care poate s\u0103 includ\u0103, printre altele, urm\u0103toarele date \u00een plus fa\u0163\u0103 de cele men\u0163ionate anterior, respectiv: imagine, formare profesional\u0103, informa\u0163ii privind actualul loc de munc\u0103).<\/li>\n<li>\u00cen cazul\u00a0<strong><em>poten\u0163ialilor clien\u0163i colaboratori<\/em><\/strong>\u00a0(corporate),\u00a0\u00a0\u00een contextul solicit\u0103rii unei oferte: nume, prenume, adresa de e-mail, num\u0103r de telefon, func\u0163ie reprezentant \u015fi\/sau persoana de contact.<\/li>\n<li>\u00cen cazul\u00a0<strong><em>persoanelor<\/em><\/strong>\u00a0care contacteaz\u0103 Promedical Center SRL prin intermediul\u00a0\u00a0numerelor de telefon afi\u015fate pe site sau prin alte mijloace de comunicare la distan\u0163\u0103, apar\u0163in\u00e2nd Promedical Center SRL, \u00een contextul:<\/li>\n<\/ul>\n<p>(i) Program\u0103rilor pentru serviciile medicale decontate de CAS, pot fi prelucrate urm\u0103toarele Date cu Caracter Personal: nume, prenume, CNP, calitatea de asigurat, informa\u0163ii privind trimiterea medical\u0103, data na\u015fterii, num\u0103rul de telefon.<\/p>\n<p>(ii) Program\u0103rilor telefonice ale Pacien\u0163ilor direct pl\u0103titori, pot fi prelucrate urm\u0103toarele Date cu Caracter Personal: nume, prenume, informa\u0163ii privind trimiterea medical\u0103, \u00a0num\u0103r de telefon.<\/p>\n<p>(iii) Solicit\u0103rilor, reclama\u0163iilor \u015fi a sugestiilor telefonice, precum \u015fi cele transmise prin alte mijloace de comunicare la distan\u0163\u0103 pot fi prelucrate urm\u0103toarele Date cu Caracter Personal: nume, prenume, adres\u0103 de domiciliu, telefon, adres\u0103 e-mail.<\/p>\n<p><strong>IV. Scopurile \u015fi temeiurile Prelucr\u0103rilor de Date cu Caracter Personal<\/strong><\/p>\n<p>Datele cu Caracter Personal cu privire la categoriile de persoane vizate men\u0163ionate la sec\u0163iunea III de mai sus, furnizate \u00een mod voluntar cu ocazia derul\u0103rii rela\u0163iilor cu Pro-Vitam SRL, solicit\u0103rii de oferte, completarea formularelor online, \u00eembun\u0103t\u0103\u0163irii serviciilor, sau in cadrul rela\u021biei cu Promedical Center SRL, pot fi prelucrate de noi direct \u015fi\/sau prin intermediul \u00eemputernici\u0163ilor, \u00een urm\u0103toarele scopuri:<\/p>\n<ol>\n<li><strong>\u00cen vederea \u00eencheierii \u0219i execut\u0103rii contractelor<\/strong>, pentru urm\u0103toarele scopuri:<\/li>\n<\/ol>\n<p>1.1. \u00cen vederea \u00eencheierii contractelor \u2013 \u00een contextul prelucr\u0103rilor de date pentru program\u0103rile telefonice solicitate de Pacien\u0163ii direc\u0163i sau prin alte mijloace de comunicare la distan\u0163\u0103\u00a0<em>;<\/em><\/p>\n<p>Temeiul juridic\u00a0al acestor activit\u0103\u0163i de prelucrare \u00eel reprezint\u0103 \u00eencheierea, respectiv executarea contractului.<\/p>\n<ul>\n<li><strong>\u00cen vederea \u00eendeplinirii intereselor legitime ale Promedical Center SRL<\/strong><strong>\u00a0conform obiectului s\u0103u de activitate<\/strong>:<\/li>\n<\/ul>\n<p>2.1. \u00cen scopul \u00eembun\u0103t\u0103\u0163irii serviciilor , gestion\u0103rii solicit\u0103rilor\/ reclama\u021biilor primite din partea dumneavoastr\u0103, personalizarea serviciilor la cererea persoanei vizate \u00een contextul prelucr\u0103rilor de date ale\u00a0<strong><em>vizitatorilor site-ului<\/em><\/strong>\u00a0<em>;<\/em><\/p>\n<p>2.2. \u00cen scopul prest\u0103rii serviciilor medicale solicitate \u015fi transmiterii rezultatelor serviciilor medicale c\u0103tre\u00a0<strong><em>Pacien\u0163ii corporate<\/em><\/strong>\u00a0<em>;<\/em><\/p>\n<p>2.3. \u00cen scopul transmiterii rezultatelor serviciilor medicale online c\u0103tre\u00a0<strong><em>Medicii trimi\u0163\u0103tori\u00a0<\/em><\/strong><em>;<\/em><\/p>\n<p>2.4. \u00cen scopul realiz\u0103rii serviciilor medicale, gestion\u0103rii sistemelor \u015fi serviciilor de s\u0103n\u0103tate de c\u0103tre Promedical Center SRL \u00een contextul prelucr\u0103rilor de date ale\u00a0<strong><em>Medicilor trimi\u0163\u0103tori<\/em><\/strong><em>;<\/em><\/p>\n<p>2.5. \u00cen scopuri de recrutare\u00a0\u00a0\u00een contextul prelucr\u0103rii datelor\u00a0<strong><em>candida\u0163ilor pentru angajare<\/em><\/strong>\u00a0\u00a0<em>;<\/em><\/p>\n<p>2.6. \u00cen scopul gestion\u0103rii program\u0103rilor, reclama\u0163iilor, sugestiilor sau a oric\u0103ror solicit\u0103ri telefonice\u00a0<em>;<\/em><\/p>\n<p>Temeiul juridic al acestor activit\u0103\u0163i de prelucrare \u00eel reprezint\u0103 interesul legitim al Promedical Center SRL de a \u00ee\u015fi \u00eembun\u0103t\u0103\u0163ii serviciile, a gestiona solicit\u0103rile\/reclama\u0163iile primite \u015fi adaptarea serviciilor necesare fiec\u0103rei persoane interesate, de a presta serviciile de asisten\u0163\u0103 medical\u0103, gestionarea sistemelor \u015fi serviciilor medicale, respectiv de a recruta personal.<\/p>\n<p>Temeiul juridic\u00a0al acestor activit\u0103\u0163i de prelucrare \u00eel reprezint\u0103 consim\u0163\u0103m\u00e2ntul dumneavoastr\u0103. Acordul dumneavoastr\u0103 pentru activit\u0103\u0163i de marketing direct poate fi retras \u00een orice moment. Retragerea consim\u0163\u0103m\u00e2ntului va produce efecte doar pentru viitor, f\u0103r\u0103 a afecta legalitatea prelucr\u0103rilor efectuate anterior retragerii.<\/p>\n<p><strong>V. Destinatarii Datelor cu Caracter Personal<\/strong><\/p>\n<p>Pentru \u00eendeplinirea scopurilor de prelucrare, Promedical Center SRL poate s\u0103 dezv\u0103luie anumite categorii de Date cu Caracter Personal c\u0103tre urm\u0103toarele categorii de destinatari: persoana vizat\u0103 \u0219i\/sau reprezentan\u0163ii s\u0103i legali, reprezentan\u0163ii Promedical Center SRL,\u00a0\u00a0partenerii contractuali, \u00eemputernici\u0163i, autorit\u0103\u0163i judec\u0103tore\u015fti sau alte autorit\u0103\u0163i publice de orice tip, organiza\u021bii interna\u021bionale, furnizorii de servicii \u015fi bunuri, organiza\u0163ii profesionale, organiza\u021bii de cercetare a pie\u021bei.<\/p>\n<p><strong>VI. Durata prelucr\u0103rii Datelor cu Caracter Personal<\/strong><\/p>\n<p>Promedical Center SRL va prelucra Datele dumneavoastr\u0103 cu Caracter Personal, pe durata necesar\u0103 realiz\u0103rii scopurilor de prelucrare \u0219i ulterior \u00een conformitate cu politicile noastre interne, precum \u015fi \u00een vederea conform\u0103rii cu obliga\u021biile legale aplicabile, inclusiv, dar f\u0103r\u0103 limitare la, dispozi\u021biile referitoare la obliga\u0163ia de arhivare.<\/p>\n<p>Este posibil ca, \u00een urma \u00eendeplinirii termenelor legale de arhivare, Promedical Center SRL s\u0103 dispun\u0103 anonimizarea datelor, lipsindu-le astfel de caracterul personal \u0219i s\u0103 continue prelucrarea datelor anonime pentru scopuri statistice.<\/p>\n<p>\u00cen situa\u0163ia \u00een care pacientul care de\u0163ine un cont web activ, dore\u015fte \u00eenchiderea\/\u015ftergerea contului, acesta nu va fi \u015fters \u00een mod automat \u015fi nici nu are ca efect automat \u015ftergerea Datelor sale cu Caracter Personal din cont, ci aceast\u0103 cerere de \u015ftergere va fi solu\u0163ionat\u0103 de Promedical Center SRL \u00een termen de cel mult o lun\u0103 de la data \u00eenregistr\u0103rii cererii, potrivit dispozi\u0163iilor legale incidente.<\/p>\n<p><strong>VII. Transferul Datelor cu Caracter Personal<\/strong><\/p>\n<p>Datele cu Caracter personal furnizate c\u0103tre Promedical Center SRL pot fi transferate \u00een afara Rom\u00e2niei, c\u0103tre state din Spa\u0163iul Economic European.<\/p>\n<p><strong>VIII. Securitatea Datelor cu Caracter Personal<\/strong><\/p>\n<p>Promedical Center SRL acord\u0103 o importan\u021b\u0103 deosebit\u0103 confiden\u0163ialit\u0103\u0163ii \u015fi securit\u0103\u0163ii Datelor dumneavoastr\u0103 cu Caracter Personal \u0219i \u00een\u021belege s\u0103 asigure siguran\u021ba acestora pe parcursul activit\u0103\u021bilor de prelucrare din prezenta Politic\u0103 de confiden\u0163ialitate. \u00cen acest sens, Promedical Center SRL implementeaz\u0103 m\u0103suri tehnice \u015fi organizatorice adecvate \u00een vederea asigur\u0103rii unui nivel de securitate adecvat riscurilor asociate tipurilor de date prelucrate si opera\u021biunilor de prelucrare.<\/p>\n<p><strong>IX. Furnizarea Datelor cu Caracter Personal<\/strong><\/p>\n<p>Furnizarea Datelor cu Caracter Personal poate fi o obliga\u021bie contractual\u0103 sau o obliga\u021bie necesar\u0103 pentru \u00eencheierea\/executarea unui contract, poate fi necesar\u0103 pentru a putea beneficia de serviciile puse la dispozi\u021bie Promedical Center SRL, de a naviga pe Site \u015fi de a beneficia de facilit\u0103\u0163ile oferite pe acest spa\u0163iu. \u00cen unele cazuri, refuzul furniz\u0103rii Datelor cu Caracter Personal poate avea drept consecin\u021b\u0103 imposibilitatea beneficierii de serviciile puse la dispozi\u021bia dumneavoastr\u0103 prin intermediul Site-ului (de exemplu, imposibilitatea \u00eenregistr\u0103rii solicit\u0103rii dumneavoastr\u0103). Pentru activit\u0103\u021bile de marketing direct, furnizarea datelor dumneavoastr\u0103 este voluntar\u0103.<\/p>\n<p><strong>X. Drepturile Persoanei Vizate<\/strong><\/p>\n<p>\u00cen ceea ce prive\u015fte prelucr\u0103rile Datelor cu Caracter Personal indicate \u00een prezenta Politic\u0103 de confiden\u0163ialitate, fiecare persoana vizat\u0103 beneficiaz\u0103 de urmatoarele drepturi, conform prevederilor legale aplicabile:<\/p>\n<p>(a)\u00a0<strong>dreptul la informare<\/strong>\u00a0\u2013 dreptul de a primi un con\u0163inut minim de informa\u0163ii cu privire la activit\u0103\u0163ile de prelucrare efectuate de c\u0103tre Promedical Center SRL, \u00een conformitate cu cerin\u0163ele legale;<\/p>\n<p>(b)\u00a0<strong>dreptul de acces la date<\/strong>\u2013 dreptul de a ob\u0163ine de la operatorul de date cu caracter personal, la cerere \u015fi \u00een condi\u0163iile stabilite de legisla\u0163ie, confirmarea faptului c\u0103 datele care o privesc sunt sau nu prelucrate de c\u0103tre operatorul de date cu caracter personal, precum \u015fi detalii privind activit\u0103\u0163ile de prelucrare;<\/p>\n<p>(c)\u00a0<strong>dreptul de interventie asupra datelor<\/strong>\u00a0\u2013 dreptul de a ob\u0163ine de la operatorul de date cu caracter personal, la cerere \u015fi \u00een mod gratuit: (i) dup\u0103 caz, rectificarea, actualizarea, blocarea sau \u015ftergerea datelor a c\u0103ror prelucrare nu este conform\u0103 legii, \u00een special a datelor incomplete sau inexacte; (ii) dup\u0103 caz, transformarea \u00een date anonime a datelor a c\u0103ror prelucrare nu este conform\u0103 legii; (iii) notificarea c\u0103tre ter\u0163ii c\u0103rora le-au fost dezv\u0103luite datele, a oric\u0103rei opera\u0163iuni efectuate conform lit. (i) sau lit. (ii), dac\u0103 o asemenea notificare nu se dovede\u015fte imposibil\u0103 sau nu presupune un efort dispropor\u0163ionat fa\u0163\u0103 de interesul legitim care ar putea fi lezat;<\/p>\n<p>(d)\u00a0<strong>dreptul de opozitie<\/strong>\u00a0\u2013 dreptul de a se opune \u00een orice moment, din motive \u00eentemeiate \u015fi legitime legate de situa\u0163ia sa particular\u0103, ca date care o vizeaz\u0103 s\u0103 fac\u0103 obiectul unei prelucr\u0103ri, cu excep\u0163ia cazurilor \u00een care exist\u0103 dispozi\u0163ii legale contrare;\u00a0 \u00cen ceea ce prive\u015fte activit\u0103\u0163ile de marketing direct,persoanele vizate au dreptul de a se opune acestei prelucr\u0103ri \u00een orice moment.<\/p>\n<p>(e)\u00a0<strong>dreptul de a nu fi supus unei decizii individuale automate<\/strong>\u00a0 \u2013 dreptul de a ob\u0163ine interven\u0163ia uman\u0103 cu privire la o asemenea decizie, dreptul de a exprima punctul de vedere privind o asemenea decizie \u015fi de a contesta decizia;<\/p>\n<p>(f)\u00a0<strong>dreptul de a se adresa justitiei\u00a0<\/strong>pentru ap\u0103rarea oric\u0103ror drepturi garantate de legisla\u0163ia \u00een materie, f\u0103r\u0103 a se aduce atingere posibilit\u0103\u0163ii\u00a0<strong>de a se adresa cu pl\u00e2ngere Autorit\u0103\u0163ii Na\u0163ionale<\/strong>\u00a0<strong>de Supraveghere a Prelucr\u0103rii Datelor cu Caracter Personal<\/strong>.<\/p>\n<p>(g)\u00a0<strong>dreptul la restric\u0163ionarea prelucr\u0103rii<\/strong>\u00a0\u00een m\u0103sura \u00een care sunt \u00eendeplinite condi\u0163iile prev\u0103zute de lege;<\/p>\n<p>(h)\u00a0<strong>dreptul la portabilitatea datelor<\/strong>, respectiv (i) dreptul de a primi datele cu caracter personal \u00eentr-o modalitate structurat\u0103, folosit\u0103 \u00een mod obi\u015fnuit \u015fi \u00eentr-un format u\u015for de citit, precum \u0219i (ii) dreptul ca aceste date s\u0103 fie transmise de c\u0103tre Promedical Center SRL c\u0103tre alt operator de date, \u00een m\u0103sura \u00een care sunt \u00eendeplinite condi\u021biile prev\u0103zute de lege;<\/p>\n<p>(i)\u00a0<strong>dreptul de a \u00ee\u015fi retrage consim\u0163\u0103m\u00e2ntul<\/strong>\u00a0atunci c\u00e2nd exist\u0103 o prelucrare care se bazeaz\u0103 pe acesta;<\/p>\n<p>(j)\u00a0<strong>dreptul la \u015ftergerea datelor<\/strong>\u00a0(\u201edreptul de a fi uitat\u201d) \u00een m\u0103sura \u00een care sunt \u00eendeplinite condi\u0163iile prev\u0103zute de lege;<\/p>\n<p>De asemenea va inform\u0103m de faptul c\u0103 Promedical Center SRL are Responsabil cu Protec\u0163ia Datelor care poate fi contactat prin email la\u00a0<a href=\"mailto:office@promedicalcenter.org\">office@promedicalcenter.org<\/a>.<\/p>","protected":false},"excerpt":{"rendered":"<p>POLITICA DE CONFIDEN\u021aIALITATE A DATELOR CU CARACTER PERSONAL I. Informa\u021bii generale Con\u0163inutul acestui website (denumit \u00een continuare\u00a0Site)\u00a0este proprietatea exclusiv\u0103 a entit\u0103\u0163ii Promedical Center SRL cu sediul social \u00een Cluj-Napoca, str. Caisului, nr. 16, CUI 16082325. \u00cen calitate de operator de date, Promedical Center SRL urm\u0103re\u0219te \u00een permanen\u021b\u0103 \u015fi se asigur\u0103 c\u0103 prelucrarea datelor cu caracter [&hellip;]<\/p>","protected":false},"author":1,"featured_media":0,"parent":0,"menu_order":0,"comment_status":"closed","ping_status":"closed","template":"","meta":{"footnotes":""},"_links":{"self":[{"href":"https:\/\/promedicalcenter.ro\/en\/wp-json\/wp\/v2\/pages\/14174"}],"collection":[{"href":"https:\/\/promedicalcenter.ro\/en\/wp-json\/wp\/v2\/pages"}],"about":[{"href":"https:\/\/promedicalcenter.ro\/en\/wp-json\/wp\/v2\/types\/page"}],"author":[{"embeddable":true,"href":"https:\/\/promedicalcenter.ro\/en\/wp-json\/wp\/v2\/users\/1"}],"replies":[{"embeddable":true,"href":"https:\/\/promedicalcenter.ro\/en\/wp-json\/wp\/v2\/comments?post=14174"}],"version-history":[{"count":0,"href":"https:\/\/promedicalcenter.ro\/en\/wp-json\/wp\/v2\/pages\/14174\/revisions"}],"wp:attachment":[{"href":"https:\/\/promedicalcenter.ro\/en\/wp-json\/wp\/v2\/media?parent=14174"}],"curies":[{"name":"wp","href":"https:\/\/api.w.org\/{rel}","templated":true}]}}