{"id":17927,"date":"2023-12-07T12:20:32","date_gmt":"2023-12-07T11:20:32","guid":{"rendered":"https:\/\/promedicalcenter.ro\/?post_type=product&#038;p=17927"},"modified":"2023-12-07T12:27:32","modified_gmt":"2023-12-07T11:27:32","slug":"pro-health-2","status":"publish","type":"product","link":"https:\/\/promedicalcenter.ro\/en\/termek\/pro-health-2\/","title":{"rendered":"Pro Health +"},"content":{"rendered":"<div data-elementor-type=\"wp-post\" data-elementor-id=\"17927\" class=\"elementor elementor-17927\">\n\t\t\t\t\t\t\t        <section class=\"elementor-section elementor-top-section elementor-element elementor-element-6d77c155 elementor-section-boxed elementor-section-height-default elementor-section-height-default\" data-id=\"6d77c155\" data-element_type=\"section\">\r\n\t\t\r\n\t\t        <div class=\"elementor-container elementor-column-gap-default\" >\r\n\t\t        <div class=\"elementor-column elementor-col-100 elementor-top-column elementor-element elementor-element-7f166ab3\" data-id=\"7f166ab3\" data-element_type=\"column\">\r\n        <div class=\"elementor-widget-wrap elementor-element-populated\">\r\n                                <section class=\"elementor-section elementor-inner-section elementor-element elementor-element-efd0436 post elementor-section-boxed elementor-section-height-default elementor-section-height-default\" data-id=\"efd0436\" data-element_type=\"section\" data-no-translation=\"\">\r\n\t\t\r\n\t\t        <div class=\"elementor-container elementor-column-gap-default\" >\r\n\t\t        <div class=\"elementor-column elementor-col-100 elementor-inner-column elementor-element elementor-element-b456fe9\" data-id=\"b456fe9\" data-element_type=\"column\">\r\n        <div class=\"elementor-widget-wrap elementor-element-populated\">\r\n                        \t\t<div class=\"elementor-element elementor-element-3842e0c elementor-widget elementor-widget-text-editor\" data-id=\"3842e0c\" data-element_type=\"widget\" data-widget_type=\"text-editor.default\">\n\t\t\t\t<div class=\"elementor-widget-container\">\n\t\t\t\t\t\t\t<h4><img decoding=\"async\" class=\"wp-image-17933 size-full alignnone\" src=\"https:\/\/promedicalcenter.ro\/wp-content\/uploads\/2023\/12\/PH_RO-1.png\" alt=\"\" width=\"1200\" height=\"630\" srcset=\"https:\/\/promedicalcenter.ro\/wp-content\/uploads\/2023\/12\/PH_RO-1.png 1200w, https:\/\/promedicalcenter.ro\/wp-content\/uploads\/2023\/12\/PH_RO-1-300x158.png 300w, https:\/\/promedicalcenter.ro\/wp-content\/uploads\/2023\/12\/PH_RO-1-1024x538.png 1024w, https:\/\/promedicalcenter.ro\/wp-content\/uploads\/2023\/12\/PH_RO-1-768x403.png 768w, https:\/\/promedicalcenter.ro\/wp-content\/uploads\/2023\/12\/PH_RO-1-18x9.png 18w, https:\/\/promedicalcenter.ro\/wp-content\/uploads\/2023\/12\/PH_RO-1-900x473.png 900w\" sizes=\"(max-width: 1200px) 100vw, 1200px\" \/><\/h4><ul><li>anointing of the hematopoietic system | anemia, inflammation, leukemia<\/li><li>liver diseases | liver diseases caused by toxins or inflammation, fatty liver<\/li><li>renal function | kidney failure, kidney stones metabolism of carbohydrates, proteins and fats | diabetes, abnormal levels of fat and cholesterol in the blood<\/li><\/ul>\t\t\t\t\t\t<\/div>\n\t\t\t\t<\/div>\n\t\t        <\/div>\r\n        <\/div>\r\n        \t\t        <\/div>\r\n        <\/section>\r\n\t\t        <\/div>\r\n        <\/div>\r\n        \t\t        <\/div>\r\n        <\/section>\r\n\t\t\t\t\t\t\t<\/div>","protected":false},"excerpt":{"rendered":"<p><strong>Ce ofer\u0103 \u00een plus Pro-Health+ ?<\/strong><\/p>\n<p>\u00cen cazul Pro-Health+, pachetul se completeaz\u0103 cu examin\u0103ri ecografice [abdominal\u0103 \u00een cazul b\u0103rba\u021bilor, abdominal\u0103 \u0219i mamar\u0103 \u00een cazul femeilor]. Ecografia reprezint\u0103 cea mai eficient\u0103 metod\u0103 pentru diagnosticarea bolilor, fiind, de asemenea, nedureroas\u0103 \u0219i non-invaziv\u0103. Examinarea ecografic\u0103 permite ob\u021binerea de informa\u021bii detaliate despre urm\u0103toarele:<\/p>\n<p>&nbsp;<\/p>","protected":false},"featured_media":17913,"comment_status":"closed","ping_status":"closed","template":"","meta":[],"product_cat":[86],"product_tag":[],"_links":{"self":[{"href":"https:\/\/promedicalcenter.ro\/en\/wp-json\/wp\/v2\/product\/17927"}],"collection":[{"href":"https:\/\/promedicalcenter.ro\/en\/wp-json\/wp\/v2\/product"}],"about":[{"href":"https:\/\/promedicalcenter.ro\/en\/wp-json\/wp\/v2\/types\/product"}],"replies":[{"embeddable":true,"href":"https:\/\/promedicalcenter.ro\/en\/wp-json\/wp\/v2\/comments?post=17927"}],"version-history":[{"count":6,"href":"https:\/\/promedicalcenter.ro\/en\/wp-json\/wp\/v2\/product\/17927\/revisions"}],"predecessor-version":[{"id":17937,"href":"https:\/\/promedicalcenter.ro\/en\/wp-json\/wp\/v2\/product\/17927\/revisions\/17937"}],"wp:featuredmedia":[{"embeddable":true,"href":"https:\/\/promedicalcenter.ro\/en\/wp-json\/wp\/v2\/media\/17913"}],"wp:attachment":[{"href":"https:\/\/promedicalcenter.ro\/en\/wp-json\/wp\/v2\/media?parent=17927"}],"wp:term":[{"taxonomy":"product_cat","embeddable":true,"href":"https:\/\/promedicalcenter.ro\/en\/wp-json\/wp\/v2\/product_cat?post=17927"},{"taxonomy":"product_tag","embeddable":true,"href":"https:\/\/promedicalcenter.ro\/en\/wp-json\/wp\/v2\/product_tag?post=17927"}],"curies":[{"name":"wp","href":"https:\/\/api.w.org\/{rel}","templated":true}]}}