{"id":17946,"date":"2023-12-07T12:34:58","date_gmt":"2023-12-07T11:34:58","guid":{"rendered":"https:\/\/promedicalcenter.ro\/?post_type=product&#038;p=17946"},"modified":"2023-12-07T12:45:24","modified_gmt":"2023-12-07T11:45:24","slug":"pro-health-genetics","status":"publish","type":"product","link":"https:\/\/promedicalcenter.ro\/hu\/termek\/pro-health-genetics\/","title":{"rendered":"Pro Health Genetics"},"content":{"rendered":"<div data-elementor-type=\"wp-post\" data-elementor-id=\"17946\" class=\"elementor elementor-17946\">\n\t\t\t\t\t\t\t        <section class=\"elementor-section elementor-top-section elementor-element elementor-element-6d77c155 elementor-section-boxed elementor-section-height-default elementor-section-height-default\" data-id=\"6d77c155\" data-element_type=\"section\">\r\n\t\t\r\n\t\t        <div class=\"elementor-container elementor-column-gap-default\" >\r\n\t\t        <div class=\"elementor-column elementor-col-100 elementor-top-column elementor-element elementor-element-7f166ab3\" data-id=\"7f166ab3\" data-element_type=\"column\">\r\n        <div class=\"elementor-widget-wrap elementor-element-populated\">\r\n                                <section class=\"elementor-section elementor-inner-section elementor-element elementor-element-242ace5 elementor-section-boxed elementor-section-height-default elementor-section-height-default\" data-id=\"242ace5\" data-element_type=\"section\" data-no-translation=\"\">\r\n\t\t\r\n\t\t        <div class=\"elementor-container elementor-column-gap-default\" >\r\n\t\t        <div class=\"elementor-column elementor-col-100 elementor-inner-column elementor-element elementor-element-52d9d4d\" data-id=\"52d9d4d\" data-element_type=\"column\">\r\n        <div class=\"elementor-widget-wrap elementor-element-populated\">\r\n                        \t\t<div class=\"elementor-element elementor-element-e4e86d2 post elementor-widget elementor-widget-text-editor\" data-id=\"e4e86d2\" data-element_type=\"widget\" data-widget_type=\"text-editor.default\">\n\t\t\t\t<div class=\"elementor-widget-container\">\n\t\t\t\t\t\t\t<h4><img decoding=\"async\" class=\"wp-image-17951 size-full alignnone\" src=\"https:\/\/promedicalcenter.ro\/wp-content\/uploads\/2023\/12\/PROHEALTHGENETICS-fo.png\" alt=\"\" width=\"1200\" height=\"630\" srcset=\"https:\/\/promedicalcenter.ro\/wp-content\/uploads\/2023\/12\/PROHEALTHGENETICS-fo.png 1200w, https:\/\/promedicalcenter.ro\/wp-content\/uploads\/2023\/12\/PROHEALTHGENETICS-fo-300x158.png 300w, https:\/\/promedicalcenter.ro\/wp-content\/uploads\/2023\/12\/PROHEALTHGENETICS-fo-1024x538.png 1024w, https:\/\/promedicalcenter.ro\/wp-content\/uploads\/2023\/12\/PROHEALTHGENETICS-fo-768x403.png 768w, https:\/\/promedicalcenter.ro\/wp-content\/uploads\/2023\/12\/PROHEALTHGENETICS-fo-18x9.png 18w, https:\/\/promedicalcenter.ro\/wp-content\/uploads\/2023\/12\/PROHEALTHGENETICS-fo-900x473.png 900w\" sizes=\"(max-width: 1200px) 100vw, 1200px\" \/><\/h4><p><span style=\"font-weight: 400;\">A ProHealth Genetics eset\u00e9n genetikai sz\u0171r\u0151vizsg\u00e1lattal eg\u00e9sz\u00fcl ki a Pro Health Premium csomag.<\/span><\/p>\t\t\t\t\t\t<\/div>\n\t\t\t\t<\/div>\n\t\t\t\t<div class=\"elementor-element elementor-element-1adca3a elementor-widget elementor-widget-cms_heading\" data-id=\"1adca3a\" data-element_type=\"widget\" data-widget_type=\"cms_heading.default\">\n\t\t\t\t<div class=\"elementor-widget-container\">\n\t\t\t<div class=\"cms-heading-wrapper cms-heading-layout1\">\r\n    \r\n            <h3 class=\"custom-heading\">\r\n            <span >Tov\u00e1bbi inform\u00e1ci\u00f3k<\/span>\r\n        <\/h3>\r\n        \r\n    <\/div>\t\t<\/div>\n\t\t\t\t<\/div>\n\t\t\t\t<div class=\"elementor-element elementor-element-0d0a300 elementor-icon-list--layout-traditional elementor-list-item-link-full_width elementor-widget elementor-widget-icon-list\" data-id=\"0d0a300\" data-element_type=\"widget\" data-widget_type=\"icon-list.default\">\n\t\t\t\t<div class=\"elementor-widget-container\">\n\t\t\t\t\t<ul class=\"elementor-icon-list-items\">\n\t\t\t\t\t\t\t<li class=\"elementor-icon-list-item\">\n\t\t\t\t\t\t\t\t\t\t\t<a href=\"https:\/\/promedicalcenter.ro\/termek\/test-de-screening-genetic\/\" target=\"_blank\">\n\n\t\t\t\t\t\t\t\t\t\t\t\t<span class=\"elementor-icon-list-icon\">\n\t\t\t\t\t\t\t<i aria-hidden=\"true\" class=\"fas fa-link\"><\/i>\t\t\t\t\t\t<\/span>\n\t\t\t\t\t\t\t\t\t\t<span class=\"elementor-icon-list-text\">Genetikai sz\u0171r\u00e9sr\u0151l b\u0151vebben<\/span>\n\t\t\t\t\t\t\t\t\t\t\t<\/a>\n\t\t\t\t\t\t\t\t\t<\/li>\n\t\t\t\t\t\t<\/ul>\n\t\t\t\t<\/div>\n\t\t\t\t<\/div>\n\t\t        <\/div>\r\n        <\/div>\r\n        \t\t        <\/div>\r\n        <\/section>\r\n\t\t        <\/div>\r\n        <\/div>\r\n        \t\t        <\/div>\r\n        <\/section>\r\n\t\t\t\t\t\t\t<\/div>","protected":false},"excerpt":{"rendered":"<p>\u00cen cazul ProHealth Genetics, la pachetul Pro Health Premium este ad\u0103ugat un test de screening geneticealth Genetics.<\/p>","protected":false},"featured_media":17955,"comment_status":"closed","ping_status":"closed","template":"","meta":[],"product_cat":[86],"product_tag":[],"_links":{"self":[{"href":"https:\/\/promedicalcenter.ro\/hu\/wp-json\/wp\/v2\/product\/17946"}],"collection":[{"href":"https:\/\/promedicalcenter.ro\/hu\/wp-json\/wp\/v2\/product"}],"about":[{"href":"https:\/\/promedicalcenter.ro\/hu\/wp-json\/wp\/v2\/types\/product"}],"replies":[{"embeddable":true,"href":"https:\/\/promedicalcenter.ro\/hu\/wp-json\/wp\/v2\/comments?post=17946"}],"version-history":[{"count":7,"href":"https:\/\/promedicalcenter.ro\/hu\/wp-json\/wp\/v2\/product\/17946\/revisions"}],"predecessor-version":[{"id":17958,"href":"https:\/\/promedicalcenter.ro\/hu\/wp-json\/wp\/v2\/product\/17946\/revisions\/17958"}],"wp:featuredmedia":[{"embeddable":true,"href":"https:\/\/promedicalcenter.ro\/hu\/wp-json\/wp\/v2\/media\/17955"}],"wp:attachment":[{"href":"https:\/\/promedicalcenter.ro\/hu\/wp-json\/wp\/v2\/media?parent=17946"}],"wp:term":[{"taxonomy":"product_cat","embeddable":true,"href":"https:\/\/promedicalcenter.ro\/hu\/wp-json\/wp\/v2\/product_cat?post=17946"},{"taxonomy":"product_tag","embeddable":true,"href":"https:\/\/promedicalcenter.ro\/hu\/wp-json\/wp\/v2\/product_tag?post=17946"}],"curies":[{"name":"wp","href":"https:\/\/api.w.org\/{rel}","templated":true}]}}